{"id":483,"date":"2022-08-09T00:13:35","date_gmt":"2022-08-08T22:13:35","guid":{"rendered":"https:\/\/la-factory.ch\/?page_id=483"},"modified":"2023-04-14T16:24:56","modified_gmt":"2023-04-14T14:24:56","slug":"co-working","status":"publish","type":"page","link":"https:\/\/la-factory.ch\/fr\/co-working\/","title":{"rendered":"Co Working"},"content":{"rendered":"<p>Tout est pr\u00eat d\u00e8s votre arriv\u00e9e\u2026<\/p>\n<p>Soyez productifs d\u00e8s le premier jour. Nous vous offrons l\u2019internet haut d\u00e9bit, des si\u00e8ges ergonomiques et des bureaux confortables.<\/p>\n<p>Des bureaux permanents nominatifs pour vos \u00e9quipes, profitant d\u2019espaces partag\u00e9s pour d\u00e9velopper collaborations et esprit d\u2019\u00e9quipe\u2026 La Factory Porrentruy c\u2019est une famille de workers qui aiment partager leurs comp\u00e9tences.<\/p>\n<p>Vous avez besoin d\u2019une adresse?<br \/>\nLa Factory Porrentruy propose \u00e9galement un service de domiciliation d\u2019entreprise.<\/p>\n","protected":false},"excerpt":{"rendered":"<p>Tout est pr\u00eat d\u00e8s votre arriv\u00e9e\u2026 Soyez productifs d\u00e8s le premier jour. Nous vous offrons l\u2019internet haut d\u00e9bit, des si\u00e8ges ergonomiques et des bureaux confortables. Des bureaux permanents nominatifs pour vos \u00e9quipes, profitant d\u2019espaces partag\u00e9s pour d\u00e9velopper collaborations et esprit d\u2019\u00e9quipe\u2026 La Factory Porrentruy c\u2019est une famille de workers qui aiment partager leurs comp\u00e9tences. Vous [&#8230;]<\/p>\n<p><a class=\"btn btn-secondary understrap-read-more-link\" href=\"https:\/\/la-factory.ch\/fr\/co-working\/\">Lire la suite\u2026<span class=\"screen-reader-text\"> from Co Working<\/span><\/a><\/p>\n","protected":false},"author":1,"featured_media":0,"parent":0,"menu_order":0,"comment_status":"closed","ping_status":"closed","template":"page-templates\/cmspage.php","meta":{"inline_featured_image":false,"footnotes":""},"acf":[],"yoast_head":"<!-- This site is optimized with the Yoast SEO plugin v20.13 - https:\/\/yoast.com\/wordpress\/plugins\/seo\/ -->\n<title>Co Working - La Factory Porrentruy<\/title>\n<meta name=\"robots\" content=\"index, follow, max-snippet:-1, max-image-preview:large, max-video-preview:-1\" \/>\n<link rel=\"canonical\" href=\"https:\/\/la-factory.ch\/fr\/co-working\/\" \/>\n<meta property=\"og:locale\" content=\"fr_FR\" \/>\n<meta property=\"og:type\" content=\"article\" \/>\n<meta property=\"og:title\" content=\"Co Working - La Factory Porrentruy\" \/>\n<meta property=\"og:description\" content=\"Tout est pr\u00eat d\u00e8s votre arriv\u00e9e\u2026 Soyez productifs d\u00e8s le premier jour. Nous vous offrons l\u2019internet haut d\u00e9bit, des si\u00e8ges ergonomiques et des bureaux confortables. Des bureaux permanents nominatifs pour vos \u00e9quipes, profitant d\u2019espaces partag\u00e9s pour d\u00e9velopper collaborations et esprit d\u2019\u00e9quipe\u2026 La Factory Porrentruy c\u2019est une famille de workers qui aiment partager leurs comp\u00e9tences. Vous [...]Lire la suite\u2026 from Co Working\" \/>\n<meta property=\"og:url\" content=\"https:\/\/la-factory.ch\/fr\/co-working\/\" \/>\n<meta property=\"og:site_name\" content=\"La Factory Porrentruy\" \/>\n<meta property=\"article:modified_time\" content=\"2023-04-14T14:24:56+00:00\" \/>\n<meta name=\"twitter:card\" content=\"summary_large_image\" \/>\n<meta name=\"twitter:label1\" content=\"Est. reading time\" \/>\n\t<meta name=\"twitter:data1\" content=\"1 minute\" \/>\n<script type=\"application\/ld+json\" class=\"yoast-schema-graph\">{\"@context\":\"https:\/\/schema.org\",\"@graph\":[{\"@type\":\"WebPage\",\"@id\":\"https:\/\/la-factory.ch\/fr\/co-working\/\",\"url\":\"https:\/\/la-factory.ch\/fr\/co-working\/\",\"name\":\"Co Working - La Factory Porrentruy\",\"isPartOf\":{\"@id\":\"https:\/\/la-factory.ch\/en\/#website\"},\"datePublished\":\"2022-08-08T22:13:35+00:00\",\"dateModified\":\"2023-04-14T14:24:56+00:00\",\"breadcrumb\":{\"@id\":\"https:\/\/la-factory.ch\/fr\/co-working\/#breadcrumb\"},\"inLanguage\":\"fr-FR\",\"potentialAction\":[{\"@type\":\"ReadAction\",\"target\":[\"https:\/\/la-factory.ch\/fr\/co-working\/\"]}]},{\"@type\":\"BreadcrumbList\",\"@id\":\"https:\/\/la-factory.ch\/fr\/co-working\/#breadcrumb\",\"itemListElement\":[{\"@type\":\"ListItem\",\"position\":1,\"name\":\"Home\",\"item\":\"https:\/\/la-factory.ch\/fr\/\"},{\"@type\":\"ListItem\",\"position\":2,\"name\":\"Co Working\"}]},{\"@type\":\"WebSite\",\"@id\":\"https:\/\/la-factory.ch\/en\/#website\",\"url\":\"https:\/\/la-factory.ch\/en\/\",\"name\":\"La Factory Porrentruy\",\"description\":\"Espace co-working,co-sleeping, business services\",\"publisher\":{\"@id\":\"https:\/\/la-factory.ch\/en\/#organization\"},\"potentialAction\":[{\"@type\":\"SearchAction\",\"target\":{\"@type\":\"EntryPoint\",\"urlTemplate\":\"https:\/\/la-factory.ch\/en\/?s={search_term_string}\"},\"query-input\":\"required name=search_term_string\"}],\"inLanguage\":\"fr-FR\"},{\"@type\":\"Organization\",\"@id\":\"https:\/\/la-factory.ch\/en\/#organization\",\"name\":\"La Factory Porrentruy\",\"url\":\"https:\/\/la-factory.ch\/en\/\",\"logo\":{\"@type\":\"ImageObject\",\"inLanguage\":\"fr-FR\",\"@id\":\"https:\/\/la-factory.ch\/en\/#\/schema\/logo\/image\/\",\"url\":\"https:\/\/la-factory.ch\/app\/uploads\/2023\/04\/La_Factory_Porrentruy.svg\",\"contentUrl\":\"https:\/\/la-factory.ch\/app\/uploads\/2023\/04\/La_Factory_Porrentruy.svg\",\"caption\":\"La Factory Porrentruy\"},\"image\":{\"@id\":\"https:\/\/la-factory.ch\/en\/#\/schema\/logo\/image\/\"}}]}<\/script>\n<!-- \/ Yoast SEO plugin. -->","yoast_head_json":{"title":"Co Working - La Factory Porrentruy","robots":{"index":"index","follow":"follow","max-snippet":"max-snippet:-1","max-image-preview":"max-image-preview:large","max-video-preview":"max-video-preview:-1"},"canonical":"https:\/\/la-factory.ch\/fr\/co-working\/","og_locale":"fr_FR","og_type":"article","og_title":"Co Working - La Factory Porrentruy","og_description":"Tout est pr\u00eat d\u00e8s votre arriv\u00e9e\u2026 Soyez productifs d\u00e8s le premier jour. Nous vous offrons l\u2019internet haut d\u00e9bit, des si\u00e8ges ergonomiques et des bureaux confortables. Des bureaux permanents nominatifs pour vos \u00e9quipes, profitant d\u2019espaces partag\u00e9s pour d\u00e9velopper collaborations et esprit d\u2019\u00e9quipe\u2026 La Factory Porrentruy c\u2019est une famille de workers qui aiment partager leurs comp\u00e9tences. Vous [...]Lire la suite\u2026 from Co Working","og_url":"https:\/\/la-factory.ch\/fr\/co-working\/","og_site_name":"La Factory Porrentruy","article_modified_time":"2023-04-14T14:24:56+00:00","twitter_card":"summary_large_image","twitter_misc":{"Est. reading time":"1 minute"},"schema":{"@context":"https:\/\/schema.org","@graph":[{"@type":"WebPage","@id":"https:\/\/la-factory.ch\/fr\/co-working\/","url":"https:\/\/la-factory.ch\/fr\/co-working\/","name":"Co Working - La Factory Porrentruy","isPartOf":{"@id":"https:\/\/la-factory.ch\/en\/#website"},"datePublished":"2022-08-08T22:13:35+00:00","dateModified":"2023-04-14T14:24:56+00:00","breadcrumb":{"@id":"https:\/\/la-factory.ch\/fr\/co-working\/#breadcrumb"},"inLanguage":"fr-FR","potentialAction":[{"@type":"ReadAction","target":["https:\/\/la-factory.ch\/fr\/co-working\/"]}]},{"@type":"BreadcrumbList","@id":"https:\/\/la-factory.ch\/fr\/co-working\/#breadcrumb","itemListElement":[{"@type":"ListItem","position":1,"name":"Home","item":"https:\/\/la-factory.ch\/fr\/"},{"@type":"ListItem","position":2,"name":"Co Working"}]},{"@type":"WebSite","@id":"https:\/\/la-factory.ch\/en\/#website","url":"https:\/\/la-factory.ch\/en\/","name":"La Factory Porrentruy","description":"Espace co-working,co-sleeping, business services","publisher":{"@id":"https:\/\/la-factory.ch\/en\/#organization"},"potentialAction":[{"@type":"SearchAction","target":{"@type":"EntryPoint","urlTemplate":"https:\/\/la-factory.ch\/en\/?s={search_term_string}"},"query-input":"required name=search_term_string"}],"inLanguage":"fr-FR"},{"@type":"Organization","@id":"https:\/\/la-factory.ch\/en\/#organization","name":"La Factory Porrentruy","url":"https:\/\/la-factory.ch\/en\/","logo":{"@type":"ImageObject","inLanguage":"fr-FR","@id":"https:\/\/la-factory.ch\/en\/#\/schema\/logo\/image\/","url":"https:\/\/la-factory.ch\/app\/uploads\/2023\/04\/La_Factory_Porrentruy.svg","contentUrl":"https:\/\/la-factory.ch\/app\/uploads\/2023\/04\/La_Factory_Porrentruy.svg","caption":"La Factory Porrentruy"},"image":{"@id":"https:\/\/la-factory.ch\/en\/#\/schema\/logo\/image\/"}}]}},"_links":{"self":[{"href":"https:\/\/la-factory.ch\/fr\/wp-json\/wp\/v2\/pages\/483"}],"collection":[{"href":"https:\/\/la-factory.ch\/fr\/wp-json\/wp\/v2\/pages"}],"about":[{"href":"https:\/\/la-factory.ch\/fr\/wp-json\/wp\/v2\/types\/page"}],"author":[{"embeddable":true,"href":"https:\/\/la-factory.ch\/fr\/wp-json\/wp\/v2\/users\/1"}],"replies":[{"embeddable":true,"href":"https:\/\/la-factory.ch\/fr\/wp-json\/wp\/v2\/comments?post=483"}],"version-history":[{"count":30,"href":"https:\/\/la-factory.ch\/fr\/wp-json\/wp\/v2\/pages\/483\/revisions"}],"predecessor-version":[{"id":1005,"href":"https:\/\/la-factory.ch\/fr\/wp-json\/wp\/v2\/pages\/483\/revisions\/1005"}],"wp:attachment":[{"href":"https:\/\/la-factory.ch\/fr\/wp-json\/wp\/v2\/media?parent=483"}],"curies":[{"name":"wp","href":"https:\/\/api.w.org\/{rel}","templated":true}]}}