{"id":428,"date":"2022-08-08T18:39:25","date_gmt":"2022-08-08T16:39:25","guid":{"rendered":"https:\/\/la-factory.ch\/?page_id=428"},"modified":"2024-06-13T11:23:11","modified_gmt":"2024-06-13T09:23:11","slug":"business-services","status":"publish","type":"page","link":"https:\/\/la-factory.ch\/fr\/business-services\/","title":{"rendered":"Business Services"},"content":{"rendered":"<p>Nous vous conseillons et vous accompagnons dans :<\/p>\n<ul>\n<li>la cr\u00e9ation de votre entreprise,<\/li>\n<li>la domiciliation de votre soci\u00e9t\u00e9,<\/li>\n<li>les services administratifs,<\/li>\n<li>les services fiduciaires.<\/li>\n<\/ul>\n","protected":false},"excerpt":{"rendered":"<p>Nous vous conseillons et vous accompagnons dans : la cr\u00e9ation de votre entreprise, la domiciliation de votre soci\u00e9t\u00e9, les services administratifs, les services fiduciaires. [&#8230;]<\/p>\n<p><a class=\"btn btn-secondary understrap-read-more-link\" href=\"https:\/\/la-factory.ch\/fr\/business-services\/\">Lire la suite\u2026<span class=\"screen-reader-text\"> from Business Services<\/span><\/a><\/p>\n","protected":false},"author":1,"featured_media":0,"parent":0,"menu_order":0,"comment_status":"closed","ping_status":"closed","template":"page-templates\/cmspage.php","meta":{"inline_featured_image":false,"footnotes":""},"acf":[],"yoast_head":"<!-- This site is optimized with the Yoast SEO plugin v20.13 - https:\/\/yoast.com\/wordpress\/plugins\/seo\/ -->\n<title>Business Services - La Factory Porrentruy<\/title>\n<meta name=\"description\" content=\"La Factory, domiciliation d&#039;entreprise dans le Jura Suisse. Del\u00e9mont, Porrentruy\" \/>\n<meta name=\"robots\" content=\"index, follow, max-snippet:-1, max-image-preview:large, max-video-preview:-1\" \/>\n<link rel=\"canonical\" href=\"https:\/\/la-factory.ch\/fr\/business-services\/\" \/>\n<meta property=\"og:locale\" content=\"fr_FR\" \/>\n<meta property=\"og:type\" content=\"article\" \/>\n<meta property=\"og:title\" content=\"Business Services - La Factory Porrentruy\" \/>\n<meta property=\"og:description\" content=\"La Factory, domiciliation d&#039;entreprise dans le Jura Suisse. Del\u00e9mont, Porrentruy\" \/>\n<meta property=\"og:url\" content=\"https:\/\/la-factory.ch\/fr\/business-services\/\" \/>\n<meta property=\"og:site_name\" content=\"La Factory Porrentruy\" \/>\n<meta property=\"article:modified_time\" content=\"2024-06-13T09:23:11+00:00\" \/>\n<meta name=\"twitter:card\" content=\"summary_large_image\" \/>\n<meta name=\"twitter:label1\" content=\"Est. reading time\" \/>\n\t<meta name=\"twitter:data1\" content=\"1 minute\" \/>\n<script type=\"application\/ld+json\" class=\"yoast-schema-graph\">{\"@context\":\"https:\/\/schema.org\",\"@graph\":[{\"@type\":\"WebPage\",\"@id\":\"https:\/\/la-factory.ch\/fr\/business-services\/\",\"url\":\"https:\/\/la-factory.ch\/fr\/business-services\/\",\"name\":\"Business Services - La Factory Porrentruy\",\"isPartOf\":{\"@id\":\"https:\/\/la-factory.ch\/en\/#website\"},\"datePublished\":\"2022-08-08T16:39:25+00:00\",\"dateModified\":\"2024-06-13T09:23:11+00:00\",\"description\":\"La Factory, domiciliation d'entreprise dans le Jura Suisse. Del\u00e9mont, Porrentruy\",\"breadcrumb\":{\"@id\":\"https:\/\/la-factory.ch\/fr\/business-services\/#breadcrumb\"},\"inLanguage\":\"fr-FR\",\"potentialAction\":[{\"@type\":\"ReadAction\",\"target\":[\"https:\/\/la-factory.ch\/fr\/business-services\/\"]}]},{\"@type\":\"BreadcrumbList\",\"@id\":\"https:\/\/la-factory.ch\/fr\/business-services\/#breadcrumb\",\"itemListElement\":[{\"@type\":\"ListItem\",\"position\":1,\"name\":\"Home\",\"item\":\"https:\/\/la-factory.ch\/fr\/\"},{\"@type\":\"ListItem\",\"position\":2,\"name\":\"Business Services\"}]},{\"@type\":\"WebSite\",\"@id\":\"https:\/\/la-factory.ch\/en\/#website\",\"url\":\"https:\/\/la-factory.ch\/en\/\",\"name\":\"La Factory Porrentruy\",\"description\":\"Espace co-working,co-sleeping, business services\",\"publisher\":{\"@id\":\"https:\/\/la-factory.ch\/en\/#organization\"},\"potentialAction\":[{\"@type\":\"SearchAction\",\"target\":{\"@type\":\"EntryPoint\",\"urlTemplate\":\"https:\/\/la-factory.ch\/en\/?s={search_term_string}\"},\"query-input\":\"required name=search_term_string\"}],\"inLanguage\":\"fr-FR\"},{\"@type\":\"Organization\",\"@id\":\"https:\/\/la-factory.ch\/en\/#organization\",\"name\":\"La Factory Porrentruy\",\"url\":\"https:\/\/la-factory.ch\/en\/\",\"logo\":{\"@type\":\"ImageObject\",\"inLanguage\":\"fr-FR\",\"@id\":\"https:\/\/la-factory.ch\/en\/#\/schema\/logo\/image\/\",\"url\":\"https:\/\/la-factory.ch\/app\/uploads\/2023\/04\/La_Factory_Porrentruy.svg\",\"contentUrl\":\"https:\/\/la-factory.ch\/app\/uploads\/2023\/04\/La_Factory_Porrentruy.svg\",\"caption\":\"La Factory Porrentruy\"},\"image\":{\"@id\":\"https:\/\/la-factory.ch\/en\/#\/schema\/logo\/image\/\"}}]}<\/script>\n<!-- \/ Yoast SEO plugin. -->","yoast_head_json":{"title":"Business Services - La Factory Porrentruy","description":"La Factory, domiciliation d'entreprise dans le Jura Suisse. Del\u00e9mont, Porrentruy","robots":{"index":"index","follow":"follow","max-snippet":"max-snippet:-1","max-image-preview":"max-image-preview:large","max-video-preview":"max-video-preview:-1"},"canonical":"https:\/\/la-factory.ch\/fr\/business-services\/","og_locale":"fr_FR","og_type":"article","og_title":"Business Services - La Factory Porrentruy","og_description":"La Factory, domiciliation d'entreprise dans le Jura Suisse. Del\u00e9mont, Porrentruy","og_url":"https:\/\/la-factory.ch\/fr\/business-services\/","og_site_name":"La Factory Porrentruy","article_modified_time":"2024-06-13T09:23:11+00:00","twitter_card":"summary_large_image","twitter_misc":{"Est. reading time":"1 minute"},"schema":{"@context":"https:\/\/schema.org","@graph":[{"@type":"WebPage","@id":"https:\/\/la-factory.ch\/fr\/business-services\/","url":"https:\/\/la-factory.ch\/fr\/business-services\/","name":"Business Services - La Factory Porrentruy","isPartOf":{"@id":"https:\/\/la-factory.ch\/en\/#website"},"datePublished":"2022-08-08T16:39:25+00:00","dateModified":"2024-06-13T09:23:11+00:00","description":"La Factory, domiciliation d'entreprise dans le Jura Suisse. Del\u00e9mont, Porrentruy","breadcrumb":{"@id":"https:\/\/la-factory.ch\/fr\/business-services\/#breadcrumb"},"inLanguage":"fr-FR","potentialAction":[{"@type":"ReadAction","target":["https:\/\/la-factory.ch\/fr\/business-services\/"]}]},{"@type":"BreadcrumbList","@id":"https:\/\/la-factory.ch\/fr\/business-services\/#breadcrumb","itemListElement":[{"@type":"ListItem","position":1,"name":"Home","item":"https:\/\/la-factory.ch\/fr\/"},{"@type":"ListItem","position":2,"name":"Business Services"}]},{"@type":"WebSite","@id":"https:\/\/la-factory.ch\/en\/#website","url":"https:\/\/la-factory.ch\/en\/","name":"La Factory Porrentruy","description":"Espace co-working,co-sleeping, business services","publisher":{"@id":"https:\/\/la-factory.ch\/en\/#organization"},"potentialAction":[{"@type":"SearchAction","target":{"@type":"EntryPoint","urlTemplate":"https:\/\/la-factory.ch\/en\/?s={search_term_string}"},"query-input":"required name=search_term_string"}],"inLanguage":"fr-FR"},{"@type":"Organization","@id":"https:\/\/la-factory.ch\/en\/#organization","name":"La Factory Porrentruy","url":"https:\/\/la-factory.ch\/en\/","logo":{"@type":"ImageObject","inLanguage":"fr-FR","@id":"https:\/\/la-factory.ch\/en\/#\/schema\/logo\/image\/","url":"https:\/\/la-factory.ch\/app\/uploads\/2023\/04\/La_Factory_Porrentruy.svg","contentUrl":"https:\/\/la-factory.ch\/app\/uploads\/2023\/04\/La_Factory_Porrentruy.svg","caption":"La Factory Porrentruy"},"image":{"@id":"https:\/\/la-factory.ch\/en\/#\/schema\/logo\/image\/"}}]}},"_links":{"self":[{"href":"https:\/\/la-factory.ch\/fr\/wp-json\/wp\/v2\/pages\/428"}],"collection":[{"href":"https:\/\/la-factory.ch\/fr\/wp-json\/wp\/v2\/pages"}],"about":[{"href":"https:\/\/la-factory.ch\/fr\/wp-json\/wp\/v2\/types\/page"}],"author":[{"embeddable":true,"href":"https:\/\/la-factory.ch\/fr\/wp-json\/wp\/v2\/users\/1"}],"replies":[{"embeddable":true,"href":"https:\/\/la-factory.ch\/fr\/wp-json\/wp\/v2\/comments?post=428"}],"version-history":[{"count":19,"href":"https:\/\/la-factory.ch\/fr\/wp-json\/wp\/v2\/pages\/428\/revisions"}],"predecessor-version":[{"id":746,"href":"https:\/\/la-factory.ch\/fr\/wp-json\/wp\/v2\/pages\/428\/revisions\/746"}],"wp:attachment":[{"href":"https:\/\/la-factory.ch\/fr\/wp-json\/wp\/v2\/media?parent=428"}],"curies":[{"name":"wp","href":"https:\/\/api.w.org\/{rel}","templated":true}]}}